{"id":19,"date":"2021-11-20T17:41:57","date_gmt":"2021-11-20T17:41:57","guid":{"rendered":"https:\/\/hanyuhenrietta.hu\/?page_id=19"},"modified":"2025-04-06T20:55:43","modified_gmt":"2025-04-06T20:55:43","slug":"impresszum","status":"publish","type":"page","link":"https:\/\/hanyuhenrietta.hu\/eng\/impresszum\/","title":{"rendered":"Imprint"},"content":{"rendered":"<div data-elementor-type=\"wp-page\" data-elementor-id=\"19\" class=\"elementor elementor-19\">\n\t\t\t\t\t\t<section class=\"elementor-section elementor-top-section elementor-element elementor-element-09b95a9 elementor-section-boxed elementor-section-height-default elementor-section-height-default\" data-id=\"09b95a9\" data-element_type=\"section\" data-settings=\"{&quot;background_background&quot;:&quot;classic&quot;}\">\n\t\t\t\t\t\t<div class=\"elementor-container elementor-column-gap-default\">\n\t\t\t\t\t<div class=\"elementor-column elementor-col-100 elementor-top-column elementor-element elementor-element-31fab1c\" data-id=\"31fab1c\" data-element_type=\"column\" data-settings=\"{&quot;background_background&quot;:&quot;classic&quot;}\">\n\t\t\t<div class=\"elementor-widget-wrap elementor-element-populated\">\n\t\t\t\t\t\t<div class=\"elementor-element elementor-element-d800fbb elementor-widget elementor-widget-heading\" data-id=\"d800fbb\" data-element_type=\"widget\" data-widget_type=\"heading.default\">\n\t\t\t\t<div class=\"elementor-widget-container\">\n\t\t\t\t\t<h1 class=\"elementor-heading-title elementor-size-default\">Imprint<\/h1>\t\t\t\t<\/div>\n\t\t\t\t<\/div>\n\t\t\t\t<div class=\"elementor-element elementor-element-9acdeb0 elementor-widget elementor-widget-text-editor\" data-id=\"9acdeb0\" data-element_type=\"widget\" data-widget_type=\"text-editor.default\">\n\t\t\t\t<div class=\"elementor-widget-container\">\n\t\t\t\t\t\t\t\t\t<p>All rights reserved.<\/p><p class=\"translation-block\">This website is maintained by the Law Firm of Henrietta Hanyu in accordance with the provisions of the laws and internal regulations applicable to lawyers, which are available on the website www.magyarugyvedikamara.hu, together with information on clients\u2019 rights.<\/p><p>The information on the website of the Law Firm of Henrietta Hanyu is for information purposes only, does not constitute legal advice, and the transfer of this information does not create a client-attorney relationship between the Law Firm and the visitor of the website. The users of this website acknowledge that they may use the information downloaded or obtained using the website at their own risk.<\/p><p>The content (website layout, images, articles or any other copyrighted work) appearing on the website is protected by copyright, the property rights of which are owned by the Law Firm of Henrietta Hanyu. The consent of the author is required for any use, reproduction on any kind of medium processing, distribution or communication to the public of the author\u2019s works.<\/p><p>Hosting provider: Rackforest Informatikai Kereskedelmi Szolg\u00e1ltat\u00f3 \u00e9s Tan\u00e1csad\u00f3 Kft.<\/p>\t\t\t\t\t\t\t\t<\/div>\n\t\t\t\t<\/div>\n\t\t\t\t\t<\/div>\n\t\t<\/div>\n\t\t\t\t\t<\/div>\n\t\t<\/section>\n\t\t\t\t<section class=\"elementor-section elementor-top-section elementor-element elementor-element-16f8d76 elementor-section-boxed elementor-section-height-default elementor-section-height-default\" data-id=\"16f8d76\" data-element_type=\"section\" data-settings=\"{&quot;background_background&quot;:&quot;classic&quot;}\">\n\t\t\t\t\t\t<div class=\"elementor-container elementor-column-gap-default\">\n\t\t\t\t\t<div class=\"elementor-column elementor-col-100 elementor-top-column elementor-element elementor-element-721a365\" data-id=\"721a365\" data-element_type=\"column\" data-settings=\"{&quot;background_background&quot;:&quot;classic&quot;}\">\n\t\t\t<div class=\"elementor-widget-wrap elementor-element-populated\">\n\t\t\t\t\t\t<div class=\"elementor-element elementor-element-ac00799 elementor-widget elementor-widget-text-editor\" data-id=\"ac00799\" data-element_type=\"widget\" data-widget_type=\"text-editor.default\">\n\t\t\t\t<div class=\"elementor-widget-container\">\n\t\t\t\t\t\t\t\t\t<div id=\"bgLayers_comp-kv6kmt1a\" data-hook=\"bgLayers\" class=\"_3wnIc\"><div id=\"bgMedia_comp-kv6kmt1a\" class=\"_2GUhU\" style=\"text-align: center;\"><\/div><\/div><div data-mesh-id=\"comp-kv6kmt1ainlineContent\" data-testid=\"inline-content\" class=\"\"><div data-mesh-id=\"comp-kv6kmt1ainlineContent-gridContainer\" data-testid=\"mesh-container-content\"><div id=\"comp-kv6kmt1j\" class=\"_1Q9if\" data-testid=\"richTextElement\"><h2 class=\"font_2\" style=\"text-align: center;\"><strong>Contact Information<\/strong><\/h2><\/div><\/div><\/div>\t\t\t\t\t\t\t\t<\/div>\n\t\t\t\t<\/div>\n\t\t\t\t<div class=\"elementor-element elementor-element-7f2d034 elementor-widget elementor-widget-text-editor\" data-id=\"7f2d034\" data-element_type=\"widget\" data-widget_type=\"text-editor.default\">\n\t\t\t\t<div class=\"elementor-widget-container\">\n\t\t\t\t\t\t\t\t\t<p style=\"text-align: center;\">Hanyu Henrietta Law Firm<\/p><p style=\"text-align: center;\"><\/p><p style=\"text-align: center;\">Registered address: H-1164 Budapest, Etelk\u00f6z utca 10\/2.<\/p><p style=\"text-align: center;\"><\/p><p style=\"text-align: center;\">Bar Association: Budapest Bar Association<\/p><p style=\"text-align: center;\"><\/p><p style=\"text-align: center;\">Reg. number: 5045<\/p><p style=\"text-align: center;\"><\/p><p style=\"text-align: center;\">Tax number: 19307570-2-42<\/p><p style=\"text-align: center;\"><\/p><p style=\"text-align: center;\">VAT number: HU19307570<\/p>\t\t\t\t\t\t\t\t<\/div>\n\t\t\t\t<\/div>\n\t\t\t\t<div class=\"elementor-element elementor-element-d151a48 elementor-widget elementor-widget-text-editor\" data-id=\"d151a48\" data-element_type=\"widget\" data-widget_type=\"text-editor.default\">\n\t\t\t\t<div class=\"elementor-widget-container\">\n\t\t\t\t\t\t\t\t\t<div id=\"bgLayers_comp-kv6kmt1a\" data-hook=\"bgLayers\" class=\"_3wnIc\"><div id=\"bgMedia_comp-kv6kmt1a\" class=\"_2GUhU\" style=\"text-align: center;\"><\/div><\/div><div data-mesh-id=\"comp-kv6kmt1ainlineContent\" data-testid=\"inline-content\" class=\"\"><div data-mesh-id=\"comp-kv6kmt1ainlineContent-gridContainer\" data-testid=\"mesh-container-content\"><div id=\"comp-kv6kmt1j\" class=\"_1Q9if\" data-testid=\"richTextElement\"><h2 class=\"font_2\" style=\"text-align: center;\"><strong>Mediation activity<\/strong><\/h2><\/div><\/div><\/div>\t\t\t\t\t\t\t\t<\/div>\n\t\t\t\t<\/div>\n\t\t\t\t<div class=\"elementor-element elementor-element-18c06b6 elementor-widget elementor-widget-text-editor\" data-id=\"18c06b6\" data-element_type=\"widget\" data-widget_type=\"text-editor.default\">\n\t\t\t\t<div class=\"elementor-widget-container\">\n\t\t\t\t\t\t\t\t\t<p style=\"text-align: center;\"><span>Mediation reg. number: J\/000719<\/span><\/p><p style=\"text-align: center;\"><span>Egistration authority: Ministry of Justice<\/span><\/p>\t\t\t\t\t\t\t\t<\/div>\n\t\t\t\t<\/div>\n\t\t\t\t<div class=\"elementor-element elementor-element-c2c3948 elementor-widget elementor-widget-text-editor\" data-id=\"c2c3948\" data-element_type=\"widget\" data-widget_type=\"text-editor.default\">\n\t\t\t\t<div class=\"elementor-widget-container\">\n\t\t\t\t\t\t\t\t\t<p style=\"text-align: center;\"><a href=\"https:\/\/hanyuhenrietta.hu\/eng\/adatvedelem\/\"><strong>Privacy Policy<\/strong><\/a><\/p>\t\t\t\t\t\t\t\t<\/div>\n\t\t\t\t<\/div>\n\t\t\t\t\t<\/div>\n\t\t<\/div>\n\t\t\t\t\t<\/div>\n\t\t<\/section>\n\t\t\t\t<section class=\"elementor-section elementor-top-section elementor-element elementor-element-77a8d31 elementor-reverse-mobile elementor-section-boxed elementor-section-height-default elementor-section-height-default\" data-id=\"77a8d31\" data-element_type=\"section\" data-settings=\"{&quot;background_background&quot;:&quot;classic&quot;}\">\n\t\t\t\t\t\t<div class=\"elementor-container elementor-column-gap-default\">\n\t\t\t\t\t<div class=\"elementor-column elementor-col-50 elementor-top-column elementor-element elementor-element-fd9d933\" data-id=\"fd9d933\" data-element_type=\"column\">\n\t\t\t<div class=\"elementor-widget-wrap elementor-element-populated\">\n\t\t\t\t\t\t<div class=\"elementor-element elementor-element-714909d elementor-widget elementor-widget-text-editor\" data-id=\"714909d\" data-element_type=\"widget\" data-widget_type=\"text-editor.default\">\n\t\t\t\t<div class=\"elementor-widget-container\">\n\t\t\t\t\t\t\t\t\t<div data-mesh-id=\"comp-kv6kmt1ainlineContent\" data-testid=\"inline-content\" class=\"\"><div data-mesh-id=\"comp-kv6kmt1ainlineContent-gridContainer\" data-testid=\"mesh-container-content\"><div id=\"comp-kv6kmt1j\" class=\"_1Q9if\" data-testid=\"richTextElement\"><div id=\"bgLayers_comp-kv6khlcl\" data-hook=\"bgLayers\" class=\"_3wnIc\"><div id=\"bgMedia_comp-kv6khlcl\" class=\"_2GUhU\"><\/div><\/div><div data-mesh-id=\"comp-kv6khlclinlineContent\" data-testid=\"inline-content\" class=\"\"><div data-mesh-id=\"comp-kv6khlclinlineContent-gridContainer\" data-testid=\"mesh-container-content\"><div id=\"comp-kv6khlcq\" class=\"_1Q9if\" data-testid=\"richTextElement\"><p class=\"font_5\"><strong><a href=\"https:\/\/hanyuhenrietta.hu\/eng\/rolam\/\"><span style=\"color: #ffffff;\">DR. HENRIETTA HANYU<\/span><\/a> &gt;<\/strong><\/p><\/div><\/div><\/div><\/div><\/div><\/div>\t\t\t\t\t\t\t\t<\/div>\n\t\t\t\t<\/div>\n\t\t\t\t<div class=\"elementor-element elementor-element-3a53f00 elementor-widget elementor-widget-text-editor\" data-id=\"3a53f00\" data-element_type=\"widget\" data-widget_type=\"text-editor.default\">\n\t\t\t\t<div class=\"elementor-widget-container\">\n\t\t\t\t\t\t\t\t\t<div data-mesh-id=\"comp-kv6kmt1ainlineContent\" data-testid=\"inline-content\" class=\"\"><div data-mesh-id=\"comp-kv6kmt1ainlineContent-gridContainer\" data-testid=\"mesh-container-content\"><div id=\"comp-kv6kmt1j\" class=\"_1Q9if\" data-testid=\"richTextElement\"><div id=\"bgLayers_comp-kv6khlcl\" data-hook=\"bgLayers\" class=\"_3wnIc\"><div id=\"bgMedia_comp-kv6khlcl\" class=\"_2GUhU\"><\/div><\/div><div data-mesh-id=\"comp-kv6khlclinlineContent\" data-testid=\"inline-content\" class=\"\"><div data-mesh-id=\"comp-kv6khlclinlineContent-gridContainer\" data-testid=\"mesh-container-content\"><div id=\"comp-kv6khlcq\" class=\"_1Q9if\" data-testid=\"richTextElement\"><p class=\"font_5\"><strong><a href=\"https:\/\/hanyuhenrietta.hu\/eng\/impresszum\/\"><span style=\"color: #ffffff;\">IMPRINT<\/span><\/a> &gt;<\/strong><\/p><\/div><\/div><\/div><\/div><\/div><\/div>\t\t\t\t\t\t\t\t<\/div>\n\t\t\t\t<\/div>\n\t\t\t\t\t<\/div>\n\t\t<\/div>\n\t\t\t\t<div class=\"elementor-column elementor-col-50 elementor-top-column elementor-element elementor-element-e6881ab\" data-id=\"e6881ab\" data-element_type=\"column\">\n\t\t\t<div class=\"elementor-widget-wrap elementor-element-populated\">\n\t\t\t\t\t\t<div class=\"elementor-element elementor-element-65bd860 elementor-widget elementor-widget-image\" data-id=\"65bd860\" data-element_type=\"widget\" data-widget_type=\"image.default\">\n\t\t\t\t<div class=\"elementor-widget-container\">\n\t\t\t\t\t\t\t\t\t\t\t\t\t\t\t<img fetchpriority=\"high\" decoding=\"async\" width=\"833\" height=\"133\" src=\"https:\/\/hanyuhenrietta.hu\/wp-content\/uploads\/2021\/11\/hanyuhenrietta_logo_png_white.png\" class=\"attachment-full size-full wp-image-971\" alt=\"Dr. Hanyu Henrietta logo\" srcset=\"https:\/\/hanyuhenrietta.hu\/wp-content\/uploads\/2021\/11\/hanyuhenrietta_logo_png_white.png 833w, https:\/\/hanyuhenrietta.hu\/wp-content\/uploads\/2021\/11\/hanyuhenrietta_logo_png_white-300x48.png 300w, https:\/\/hanyuhenrietta.hu\/wp-content\/uploads\/2021\/11\/hanyuhenrietta_logo_png_white-768x123.png 768w, https:\/\/hanyuhenrietta.hu\/wp-content\/uploads\/2021\/11\/hanyuhenrietta_logo_png_white-18x3.png 18w\" sizes=\"(max-width: 833px) 100vw, 833px\" \/>\t\t\t\t\t\t\t\t\t\t\t\t\t\t\t<\/div>\n\t\t\t\t<\/div>\n\t\t\t\t<div class=\"elementor-element elementor-element-6278a81 elementor-widget elementor-widget-text-editor\" data-id=\"6278a81\" data-element_type=\"widget\" data-widget_type=\"text-editor.default\">\n\t\t\t\t<div class=\"elementor-widget-container\">\n\t\t\t\t\t\t\t\t\t<div data-mesh-id=\"comp-kv6kmt1ainlineContent\" data-testid=\"inline-content\" class=\"\"><div data-mesh-id=\"comp-kv6kmt1ainlineContent-gridContainer\" data-testid=\"mesh-container-content\"><div id=\"comp-kv6kmt1j\" class=\"_1Q9if\" data-testid=\"richTextElement\"><div id=\"bgLayers_comp-kv6khlcl\" data-hook=\"bgLayers\" class=\"_3wnIc\"><div id=\"bgMedia_comp-kv6khlcl\" class=\"_2GUhU\"><\/div><\/div><div data-mesh-id=\"comp-kv6khlclinlineContent\" data-testid=\"inline-content\" class=\"\"><div data-mesh-id=\"comp-kv6khlclinlineContent-gridContainer\" data-testid=\"mesh-container-content\"><div id=\"comp-kv6khlcq\" class=\"_1Q9if\" data-testid=\"richTextElement\"><p class=\"font_5\"><strong>EMAIL: <\/strong><span style=\"color: #ffffff;\"><a href=\"mailto:info@hanyuhenrietta.hu\" style=\"color: #ffffff;\">info@hanyuhenrietta.hu<\/a><\/span><\/p><\/div><\/div><\/div><\/div><\/div><\/div>\t\t\t\t\t\t\t\t<\/div>\n\t\t\t\t<\/div>\n\t\t\t\t\t<\/div>\n\t\t<\/div>\n\t\t\t\t\t<\/div>\n\t\t<\/section>\n\t\t\t\t<\/div>","protected":false},"excerpt":{"rendered":"<p>Impresszum Minden jog fenntartva | All rights reserved Ezt a honlapot a Hanyu Henrietta \u00dcgyv\u00e9di Iroda tartja fenn az \u00fcgyv\u00e9dekre vonatkoz\u00f3 jogszab\u00e1lyok \u00e9s bels\u0151 szab\u00e1lyzatok rendelkez\u00e9sei szerint, amelyek az \u00fcgyf\u00e9ljogokra vonatkoz\u00f3 t\u00e1j\u00e9koztat\u00e1ssal egy\u00fctt a www.magyarugyvedikamara.hu honlapon tal\u00e1lhat\u00f3k. A Hanyu Henrietta \u00dcgyv\u00e9di Iroda honlapj\u00e1n tal\u00e1lhat\u00f3 inform\u00e1ci\u00f3k t\u00e1j\u00e9koztat\u00e1sk\u00e9nt szolg\u00e1lnak, az itt elhelyezett [&hellip;]<\/p>","protected":false},"author":1,"featured_media":0,"parent":0,"menu_order":0,"comment_status":"closed","ping_status":"closed","template":"elementor_header_footer","meta":{"footnotes":""},"class_list":["post-19","page","type-page","status-publish","hentry"],"yoast_head":"<!-- This site is optimized with the Yoast SEO plugin v26.2 - https:\/\/yoast.com\/wordpress\/plugins\/seo\/ -->\n<title>Impresszum - Dr. Hanyu Henrietta<\/title>\n<meta name=\"robots\" content=\"index, follow, max-snippet:-1, max-image-preview:large, max-video-preview:-1\" \/>\n<link rel=\"canonical\" href=\"https:\/\/hanyuhenrietta.hu\/eng\/impresszum\/\" \/>\n<meta property=\"og:locale\" content=\"en_GB\" \/>\n<meta property=\"og:type\" content=\"article\" \/>\n<meta property=\"og:title\" content=\"Impresszum - Dr. Hanyu Henrietta\" \/>\n<meta property=\"og:description\" content=\"Impresszum Minden jog fenntartva | All rights reserved Ezt a honlapot a Hanyu Henrietta \u00dcgyv\u00e9di Iroda tartja fenn az \u00fcgyv\u00e9dekre vonatkoz\u00f3 jogszab\u00e1lyok \u00e9s bels\u0151 szab\u00e1lyzatok rendelkez\u00e9sei szerint, amelyek az \u00fcgyf\u00e9ljogokra vonatkoz\u00f3 t\u00e1j\u00e9koztat\u00e1ssal egy\u00fctt a www.magyarugyvedikamara.hu honlapon tal\u00e1lhat\u00f3k. A Hanyu Henrietta \u00dcgyv\u00e9di Iroda honlapj\u00e1n tal\u00e1lhat\u00f3 inform\u00e1ci\u00f3k t\u00e1j\u00e9koztat\u00e1sk\u00e9nt szolg\u00e1lnak, az itt elhelyezett [&hellip;]\" \/>\n<meta property=\"og:url\" content=\"https:\/\/hanyuhenrietta.hu\/eng\/impresszum\/\" \/>\n<meta property=\"og:site_name\" content=\"Dr. Hanyu Henrietta\" \/>\n<meta property=\"article:modified_time\" content=\"2025-04-06T20:55:43+00:00\" \/>\n<meta property=\"og:image\" content=\"https:\/\/hanyuhenrietta.hu\/wp-content\/uploads\/2021\/11\/hanyuhenrietta_logo_png_white.png\" \/>\n\t<meta property=\"og:image:width\" content=\"833\" \/>\n\t<meta property=\"og:image:height\" content=\"133\" \/>\n\t<meta property=\"og:image:type\" content=\"image\/png\" \/>\n<meta name=\"twitter:card\" content=\"summary_large_image\" \/>\n<meta name=\"twitter:label1\" content=\"Estimated reading time\" \/>\n\t<meta name=\"twitter:data1\" content=\"2 minutes\" \/>\n<script type=\"application\/ld+json\" class=\"yoast-schema-graph\">{\"@context\":\"https:\/\/schema.org\",\"@graph\":[{\"@type\":\"WebPage\",\"@id\":\"https:\/\/hanyuhenrietta.hu\/impresszum\/\",\"url\":\"https:\/\/hanyuhenrietta.hu\/impresszum\/\",\"name\":\"Impresszum - Dr. Hanyu Henrietta\",\"isPartOf\":{\"@id\":\"https:\/\/hanyuhenrietta.hu\/#website\"},\"primaryImageOfPage\":{\"@id\":\"https:\/\/hanyuhenrietta.hu\/impresszum\/#primaryimage\"},\"image\":{\"@id\":\"https:\/\/hanyuhenrietta.hu\/impresszum\/#primaryimage\"},\"thumbnailUrl\":\"https:\/\/hanyuhenrietta.hu\/wp-content\/uploads\/2021\/11\/hanyuhenrietta_logo_png_white.png\",\"datePublished\":\"2021-11-20T17:41:57+00:00\",\"dateModified\":\"2025-04-06T20:55:43+00:00\",\"breadcrumb\":{\"@id\":\"https:\/\/hanyuhenrietta.hu\/impresszum\/#breadcrumb\"},\"inLanguage\":\"en-GB\",\"potentialAction\":[{\"@type\":\"ReadAction\",\"target\":[\"https:\/\/hanyuhenrietta.hu\/impresszum\/\"]}]},{\"@type\":\"ImageObject\",\"inLanguage\":\"en-GB\",\"@id\":\"https:\/\/hanyuhenrietta.hu\/impresszum\/#primaryimage\",\"url\":\"https:\/\/hanyuhenrietta.hu\/wp-content\/uploads\/2021\/11\/hanyuhenrietta_logo_png_white.png\",\"contentUrl\":\"https:\/\/hanyuhenrietta.hu\/wp-content\/uploads\/2021\/11\/hanyuhenrietta_logo_png_white.png\"},{\"@type\":\"BreadcrumbList\",\"@id\":\"https:\/\/hanyuhenrietta.hu\/impresszum\/#breadcrumb\",\"itemListElement\":[{\"@type\":\"ListItem\",\"position\":1,\"name\":\"Kezd\u0151lap\",\"item\":\"https:\/\/hanyuhenrietta.hu\/\"},{\"@type\":\"ListItem\",\"position\":2,\"name\":\"Impresszum\"}]},{\"@type\":\"WebSite\",\"@id\":\"https:\/\/hanyuhenrietta.hu\/#website\",\"url\":\"https:\/\/hanyuhenrietta.hu\/\",\"name\":\"Dr. Hanyu Henrietta\",\"description\":\"\u00dcgyv\u00e9d - Medi\u00e1tor\",\"publisher\":{\"@id\":\"https:\/\/hanyuhenrietta.hu\/#organization\"},\"potentialAction\":[{\"@type\":\"SearchAction\",\"target\":{\"@type\":\"EntryPoint\",\"urlTemplate\":\"https:\/\/hanyuhenrietta.hu\/?s={search_term_string}\"},\"query-input\":{\"@type\":\"PropertyValueSpecification\",\"valueRequired\":true,\"valueName\":\"search_term_string\"}}],\"inLanguage\":\"en-GB\"},{\"@type\":\"Organization\",\"@id\":\"https:\/\/hanyuhenrietta.hu\/#organization\",\"name\":\"Dr. Hanyu Henrietta - \u00dcgyv\u00e9d, Medi\u00e1tor\",\"url\":\"https:\/\/hanyuhenrietta.hu\/\",\"logo\":{\"@type\":\"ImageObject\",\"inLanguage\":\"en-GB\",\"@id\":\"https:\/\/hanyuhenrietta.hu\/#\/schema\/logo\/image\/\",\"url\":\"https:\/\/hanyuhenrietta.hu\/wp-content\/uploads\/2021\/11\/cropped-hanyuhenrietta_logo_png.png\",\"contentUrl\":\"https:\/\/hanyuhenrietta.hu\/wp-content\/uploads\/2021\/11\/cropped-hanyuhenrietta_logo_png.png\",\"width\":833,\"height\":133,\"caption\":\"Dr. Hanyu Henrietta - \u00dcgyv\u00e9d, Medi\u00e1tor\"},\"image\":{\"@id\":\"https:\/\/hanyuhenrietta.hu\/#\/schema\/logo\/image\/\"}}]}<\/script>\n<!-- \/ Yoast SEO plugin. -->","yoast_head_json":{"title":"Impresszum - Dr. Hanyu Henrietta","robots":{"index":"index","follow":"follow","max-snippet":"max-snippet:-1","max-image-preview":"max-image-preview:large","max-video-preview":"max-video-preview:-1"},"canonical":"https:\/\/hanyuhenrietta.hu\/eng\/impresszum\/","og_locale":"en_GB","og_type":"article","og_title":"Impresszum - Dr. Hanyu Henrietta","og_description":"Impresszum Minden jog fenntartva | All rights reserved Ezt a honlapot a Hanyu Henrietta \u00dcgyv\u00e9di Iroda tartja fenn az \u00fcgyv\u00e9dekre vonatkoz\u00f3 jogszab\u00e1lyok \u00e9s bels\u0151 szab\u00e1lyzatok rendelkez\u00e9sei szerint, amelyek az \u00fcgyf\u00e9ljogokra vonatkoz\u00f3 t\u00e1j\u00e9koztat\u00e1ssal egy\u00fctt a www.magyarugyvedikamara.hu honlapon tal\u00e1lhat\u00f3k. A Hanyu Henrietta \u00dcgyv\u00e9di Iroda honlapj\u00e1n tal\u00e1lhat\u00f3 inform\u00e1ci\u00f3k t\u00e1j\u00e9koztat\u00e1sk\u00e9nt szolg\u00e1lnak, az itt elhelyezett [&hellip;]","og_url":"https:\/\/hanyuhenrietta.hu\/eng\/impresszum\/","og_site_name":"Dr. Hanyu Henrietta","article_modified_time":"2025-04-06T20:55:43+00:00","og_image":[{"width":833,"height":133,"url":"https:\/\/hanyuhenrietta.hu\/wp-content\/uploads\/2021\/11\/hanyuhenrietta_logo_png_white.png","type":"image\/png"}],"twitter_card":"summary_large_image","twitter_misc":{"Estimated reading time":"2 minutes"},"schema":{"@context":"https:\/\/schema.org","@graph":[{"@type":"WebPage","@id":"https:\/\/hanyuhenrietta.hu\/impresszum\/","url":"https:\/\/hanyuhenrietta.hu\/impresszum\/","name":"Impresszum - Dr. Hanyu Henrietta","isPartOf":{"@id":"https:\/\/hanyuhenrietta.hu\/#website"},"primaryImageOfPage":{"@id":"https:\/\/hanyuhenrietta.hu\/impresszum\/#primaryimage"},"image":{"@id":"https:\/\/hanyuhenrietta.hu\/impresszum\/#primaryimage"},"thumbnailUrl":"https:\/\/hanyuhenrietta.hu\/wp-content\/uploads\/2021\/11\/hanyuhenrietta_logo_png_white.png","datePublished":"2021-11-20T17:41:57+00:00","dateModified":"2025-04-06T20:55:43+00:00","breadcrumb":{"@id":"https:\/\/hanyuhenrietta.hu\/impresszum\/#breadcrumb"},"inLanguage":"en-GB","potentialAction":[{"@type":"ReadAction","target":["https:\/\/hanyuhenrietta.hu\/impresszum\/"]}]},{"@type":"ImageObject","inLanguage":"en-GB","@id":"https:\/\/hanyuhenrietta.hu\/impresszum\/#primaryimage","url":"https:\/\/hanyuhenrietta.hu\/wp-content\/uploads\/2021\/11\/hanyuhenrietta_logo_png_white.png","contentUrl":"https:\/\/hanyuhenrietta.hu\/wp-content\/uploads\/2021\/11\/hanyuhenrietta_logo_png_white.png"},{"@type":"BreadcrumbList","@id":"https:\/\/hanyuhenrietta.hu\/impresszum\/#breadcrumb","itemListElement":[{"@type":"ListItem","position":1,"name":"Kezd\u0151lap","item":"https:\/\/hanyuhenrietta.hu\/"},{"@type":"ListItem","position":2,"name":"Impresszum"}]},{"@type":"WebSite","@id":"https:\/\/hanyuhenrietta.hu\/#website","url":"https:\/\/hanyuhenrietta.hu\/","name":"Dr. Henrietta Hanyu","description":"Lawyer - Mediator","publisher":{"@id":"https:\/\/hanyuhenrietta.hu\/#organization"},"potentialAction":[{"@type":"SearchAction","target":{"@type":"EntryPoint","urlTemplate":"https:\/\/hanyuhenrietta.hu\/?s={search_term_string}"},"query-input":{"@type":"PropertyValueSpecification","valueRequired":true,"valueName":"search_term_string"}}],"inLanguage":"en-GB"},{"@type":"Organization","@id":"https:\/\/hanyuhenrietta.hu\/#organization","name":"Dr. Hanyu Henrietta - \u00dcgyv\u00e9d, Medi\u00e1tor","url":"https:\/\/hanyuhenrietta.hu\/","logo":{"@type":"ImageObject","inLanguage":"en-GB","@id":"https:\/\/hanyuhenrietta.hu\/#\/schema\/logo\/image\/","url":"https:\/\/hanyuhenrietta.hu\/wp-content\/uploads\/2021\/11\/cropped-hanyuhenrietta_logo_png.png","contentUrl":"https:\/\/hanyuhenrietta.hu\/wp-content\/uploads\/2021\/11\/cropped-hanyuhenrietta_logo_png.png","width":833,"height":133,"caption":"Dr. Hanyu Henrietta - \u00dcgyv\u00e9d, Medi\u00e1tor"},"image":{"@id":"https:\/\/hanyuhenrietta.hu\/#\/schema\/logo\/image\/"}}]}},"_links":{"self":[{"href":"https:\/\/hanyuhenrietta.hu\/eng\/wp-json\/wp\/v2\/pages\/19","targetHints":{"allow":["GET"]}}],"collection":[{"href":"https:\/\/hanyuhenrietta.hu\/eng\/wp-json\/wp\/v2\/pages"}],"about":[{"href":"https:\/\/hanyuhenrietta.hu\/eng\/wp-json\/wp\/v2\/types\/page"}],"author":[{"embeddable":true,"href":"https:\/\/hanyuhenrietta.hu\/eng\/wp-json\/wp\/v2\/users\/1"}],"replies":[{"embeddable":true,"href":"https:\/\/hanyuhenrietta.hu\/eng\/wp-json\/wp\/v2\/comments?post=19"}],"version-history":[{"count":34,"href":"https:\/\/hanyuhenrietta.hu\/eng\/wp-json\/wp\/v2\/pages\/19\/revisions"}],"predecessor-version":[{"id":1201,"href":"https:\/\/hanyuhenrietta.hu\/eng\/wp-json\/wp\/v2\/pages\/19\/revisions\/1201"}],"wp:attachment":[{"href":"https:\/\/hanyuhenrietta.hu\/eng\/wp-json\/wp\/v2\/media?parent=19"}],"curies":[{"name":"wp","href":"https:\/\/api.w.org\/{rel}","templated":true}]}}